{"id":3918,"date":"2025-12-22T20:38:37","date_gmt":"2025-12-22T20:38:37","guid":{"rendered":"https:\/\/latribulife.com\/?page_id=3918"},"modified":"2026-02-26T14:13:35","modified_gmt":"2026-02-26T14:13:35","slug":"politica-de-cookies","status":"publish","type":"page","link":"https:\/\/latribulife.com\/es\/politica-de-cookies\/","title":{"rendered":"POL\u00cdTICA DE COOKIES"},"content":{"rendered":"\t\t<div data-elementor-type=\"wp-page\" data-elementor-id=\"3918\" class=\"elementor elementor-3918\" data-elementor-post-type=\"page\">\n\t\t\t\t<div class=\"elementor-element elementor-element-8818533 e-flex e-con-boxed e-con e-parent\" data-id=\"8818533\" data-element_type=\"container\" data-e-type=\"container\" data-settings=\"{&quot;background_background&quot;:&quot;classic&quot;}\">\n\t\t\t\t\t<div class=\"e-con-inner\">\n\t\t<div class=\"elementor-element elementor-element-bdb1bcc e-con-full e-flex e-con e-child\" data-id=\"bdb1bcc\" data-element_type=\"container\" data-e-type=\"container\">\n\t\t\t\t<div class=\"elementor-element elementor-element-29b74b6 elementor-widget elementor-widget-heading\" data-id=\"29b74b6\" data-element_type=\"widget\" data-e-type=\"widget\" data-widget_type=\"heading.default\">\n\t\t\t\t\t<h1 class=\"elementor-heading-title elementor-size-default\">Pol\u00edticas de Cookies<\/h1>\t\t\t\t<\/div>\n\t\t\t\t<div class=\"elementor-element elementor-element-1f16df1 elementor-icon-list--layout-inline elementor-list-item-link-full_width elementor-widget elementor-widget-icon-list\" data-id=\"1f16df1\" data-element_type=\"widget\" data-e-type=\"widget\" data-widget_type=\"icon-list.default\">\n\t\t\t\t\t\t\t<ul class=\"elementor-icon-list-items elementor-inline-items\">\n\t\t\t\t\t\t\t<li class=\"elementor-icon-list-item elementor-inline-item\">\n\t\t\t\t\t\t\t\t\t\t\t<a href=\"#\">\n\n\t\t\t\t\t\t\t\t\t\t\t<span class=\"elementor-icon-list-text\">Inicio<\/span>\n\t\t\t\t\t\t\t\t\t\t\t<\/a>\n\t\t\t\t\t\t\t\t\t<\/li>\n\t\t\t\t\t\t\t\t<li class=\"elementor-icon-list-item elementor-inline-item\">\n\t\t\t\t\t\t\t\t\t\t\t<span class=\"elementor-icon-list-icon\">\n\t\t\t\t\t\t\t<svg aria-hidden=\"true\" class=\"e-font-icon-svg e-fas-chevron-right\" viewBox=\"0 0 320 512\" xmlns=\"http:\/\/www.w3.org\/2000\/svg\"><path d=\"M285.476 272.971L91.132 467.314c-9.373 9.373-24.569 9.373-33.941 0l-22.667-22.667c-9.357-9.357-9.375-24.522-.04-33.901L188.505 256 34.484 101.255c-9.335-9.379-9.317-24.544.04-33.901l22.667-22.667c9.373-9.373 24.569-9.373 33.941 0L285.475 239.03c9.373 9.372 9.373 24.568.001 33.941z\"><\/path><\/svg>\t\t\t\t\t\t<\/span>\n\t\t\t\t\t\t\t\t\t\t<span class=\"elementor-icon-list-text\">Pol\u00edticas de Cookies<\/span>\n\t\t\t\t\t\t\t\t\t<\/li>\n\t\t\t\t\t\t<\/ul>\n\t\t\t\t\t\t<\/div>\n\t\t\t\t<\/div>\n\t\t\t\t\t<\/div>\n\t\t\t\t<\/div>\n\t\t<div class=\"elementor-element elementor-element-32a5356 e-flex e-con-boxed e-con e-parent\" data-id=\"32a5356\" data-element_type=\"container\" data-e-type=\"container\">\n\t\t\t\t\t<div class=\"e-con-inner\">\n\t\t\t\t<div class=\"elementor-element elementor-element-280aa50 elementor-widget elementor-widget-text-editor\" data-id=\"280aa50\" data-element_type=\"widget\" data-e-type=\"widget\" data-widget_type=\"text-editor.default\">\n\t\t\t\t\t\t\t\t\t<p><span style=\"font-family: Times New Roman, serif;\"><span style=\"font-size: medium;\"><span style=\"color: #000000;\"><b>Tribu LLC (\u201cTribu\u201d, \u201cTribu Life\u201d, \u201cLa Tribu Life\u201d)<\/b><\/span><\/span><\/span><\/p><p><span style=\"font-family: Times New Roman, serif;\"><span style=\"font-size: medium;\"><span style=\"color: #000000;\"><b>\u00daltima actualizaci\u00f3n: Diciembre\/19\/2025<\/b><\/span><\/span><\/span><\/p><h4 class=\"western\"><span style=\"color: #000000;\">1. Introducci\u00f3n<\/span><\/h4><p><span style=\"font-family: Times New Roman, serif;\"><span style=\"font-size: medium;\"><span style=\"color: #000000;\">Esta Pol\u00edtica de Cookies describe c\u00f3mo <\/span><span style=\"color: #000000;\"><b>Tribu LLC<\/b><\/span><span style=\"color: #000000;\">, en adelante \u201c<\/span><span style=\"color: #000000;\"><b>Tribu<\/b><\/span><span style=\"color: #000000;\">\u201d, \u201c<\/span><span style=\"color: #000000;\"><b>Tribu Life<\/b><\/span><span style=\"color: #000000;\">\u201d o \u201c<\/span><span style=\"color: #000000;\"><b>La Tribu Life<\/b><\/span><span style=\"color: #000000;\">\u201d, utiliza cookies y tecnolog\u00edas similares en el sitio web <\/span><span style=\"color: #000000;\"><b>latribulife.com<\/b><\/span><span style=\"color: #000000;\"> y sus subdominios.<\/span><\/span><\/span><\/p><p><span style=\"font-family: Times New Roman, serif;\"><span style=\"font-size: medium;\"><span style=\"color: #000000;\">El objetivo es informar al usuario sobre:<\/span><\/span><\/span><\/p><ul><li><p><span style=\"font-family: Times New Roman, serif;\"><span style=\"font-size: medium;\"><span style=\"color: #000000;\">Qu\u00e9 cookies se utilizan<\/span><\/span><\/span><\/p><\/li><li><p><span style=\"font-family: Times New Roman, serif;\"><span style=\"font-size: medium;\"><span style=\"color: #000000;\">Con qu\u00e9 finalidad<\/span><\/span><\/span><\/p><\/li><li><p><span style=\"font-family: Times New Roman, serif;\"><span style=\"font-size: medium;\"><span style=\"color: #000000;\">C\u00f3mo puede gestionarlas o desactivarlas<\/span><\/span><\/span><\/p><\/li><\/ul><p><span style=\"font-family: Times New Roman, serif;\"><span style=\"font-size: medium;\"><span style=\"color: #000000;\">El uso del sitio implica la aceptaci\u00f3n de esta pol\u00edtica.<\/span><\/span><\/span><\/p><h4 class=\"western\"><span style=\"color: #000000;\">2. \u00bfQu\u00e9 son las cookies?<\/span><\/h4><p><span style=\"font-family: Times New Roman, serif;\"><span style=\"font-size: medium;\"><span style=\"color: #000000;\">Las cookies son peque\u00f1os archivos que se almacenan en el dispositivo del usuario y permiten:<\/span><\/span><\/span><\/p><ul><li><p><span style=\"font-family: Times New Roman, serif;\"><span style=\"font-size: medium;\"><span style=\"color: #000000;\">Recordar preferencias<\/span><\/span><\/span><\/p><\/li><li><p><span style=\"font-family: Times New Roman, serif;\"><span style=\"font-size: medium;\"><span style=\"color: #000000;\">Analizar comportamiento en el sitio<\/span><\/span><\/span><\/p><\/li><li><p><span style=\"font-family: Times New Roman, serif;\"><span style=\"font-size: medium;\"><span style=\"color: #000000;\">Medir el rendimiento del contenido<\/span><\/span><\/span><\/p><\/li><li><p><span style=\"font-family: Times New Roman, serif;\"><span style=\"font-size: medium;\"><span style=\"color: #000000;\">Mostrar publicidad personalizada<\/span><\/span><\/span><\/p><\/li><\/ul><p><span style=\"font-family: Times New Roman, serif;\"><span style=\"font-size: medium;\"><span style=\"color: #000000;\">Algunas cookies son esenciales para el funcionamiento del sitio; otras se utilizan para an\u00e1lisis y marketing.<\/span><\/span><\/span><\/p><h4 class=\"western\"><span style=\"color: #000000;\">3. Tecnolog\u00edas de rastreo utilizadas por Tribu<\/span><\/h4><p><span style=\"font-family: Times New Roman, serif;\"><span style=\"font-size: medium;\"><span style=\"color: #000000;\">Adem\u00e1s de cookies tradicionales, Tribu utiliza tecnolog\u00edas como:<\/span><\/span><\/span><\/p><ul><li><p><span style=\"font-family: Times New Roman, serif;\"><span style=\"font-size: medium;\"><span style=\"color: #000000;\"><b>P\u00edxeles de seguimiento (Meta Pixel)<\/b><\/span><\/span><\/span><\/p><\/li><li><p><span style=\"font-family: Times New Roman, serif;\"><span style=\"font-size: medium;\"><span style=\"color: #000000;\"><b>Etiquetas de conversi\u00f3n (Google Ads Conversion Tracking)<\/b><\/span><\/span><\/span><\/p><\/li><li><p><span style=\"font-family: Times New Roman, serif;\"><span style=\"font-size: medium;\"><span style=\"color: #000000;\"><b>Scripts de anal\u00edtica (Google Analytics 4)<\/b><\/span><\/span><\/span><\/p><\/li><li><p><span style=\"font-family: Times New Roman, serif;\"><span style=\"font-size: medium;\"><span style=\"color: #000000;\"><b>Mapas de calor y grabaciones (Hotjar)<\/b><\/span><\/span><\/span><\/p><\/li><li><p><span style=\"font-family: Times New Roman, serif;\"><span style=\"font-size: medium;\"><span style=\"color: #000000;\"><b>Eventos de CRM (HubSpot Tracking Code)<\/b><\/span><\/span><\/span><\/p><\/li><li><p><span style=\"font-family: Times New Roman, serif;\"><span style=\"font-size: medium;\"><span style=\"color: #000000;\"><b>Integraciones con WhatsApp Business \/ API<\/b><\/span><\/span><\/span><\/p><\/li><\/ul><p><span style=\"font-family: Times New Roman, serif;\"><span style=\"font-size: medium;\"><span style=\"color: #000000;\">Estas tecnolog\u00edas permiten medir el rendimiento de los anuncios, mejorar la experiencia del usuario y personalizar contenidos.<\/span><\/span><\/span><\/p><h4 class=\"western\"><span style=\"color: #000000;\">4. Tipos de cookies utilizadas<\/span><\/h4><h5 class=\"western\"><span style=\"color: #000000;\">4.1 Cookies esenciales (no pueden desactivarse)<\/span><\/h5><p><span style=\"font-family: Times New Roman, serif;\"><span style=\"font-size: medium;\"><span style=\"color: #000000;\">Son necesarias para:<\/span><\/span><\/span><\/p><ul><li><p><span style=\"font-family: Times New Roman, serif;\"><span style=\"font-size: medium;\"><span style=\"color: #000000;\">El funcionamiento b\u00e1sico del sitio<\/span><\/span><\/span><\/p><\/li><li><p><span style=\"font-family: Times New Roman, serif;\"><span style=\"font-size: medium;\"><span style=\"color: #000000;\">Formularios de contacto<\/span><\/span><\/span><\/p><\/li><li><p><span style=\"font-family: Times New Roman, serif;\"><span style=\"font-size: medium;\"><span style=\"color: #000000;\">Seguridad del sitio<\/span><\/span><\/span><\/p><\/li><li><p><span style=\"font-family: Times New Roman, serif;\"><span style=\"font-size: medium;\"><span style=\"color: #000000;\">Acceso al panel del cliente<\/span><\/span><\/span><\/p><\/li><\/ul><p><span style=\"font-family: Times New Roman, serif;\"><span style=\"font-size: medium;\"><span style=\"color: #000000;\">Sin estas cookies el sitio no puede operar correctamente.<\/span><\/span><\/span><\/p><h5 class=\"western\"><span style=\"color: #000000;\">4.2 Cookies de an\u00e1lisis<\/span><\/h5><p><span style=\"font-family: Times New Roman, serif;\"><span style=\"font-size: medium;\"><span style=\"color: #000000;\">Permiten medir el comportamiento del usuario en el sitio.<\/span><\/span><\/span><\/p><p><span style=\"font-family: Times New Roman, serif;\"><span style=\"font-size: medium;\"><span style=\"color: #000000;\">Incluyen:<\/span><\/span><\/span><\/p><ul><li><p><span style=\"font-family: Times New Roman, serif;\"><span style=\"font-size: medium;\"><span style=\"color: #000000;\"><b>Google Analytics 4 (GA4)<\/b><\/span><\/span><\/span><\/p><\/li><li><p><span style=\"font-family: Times New Roman, serif;\"><span style=\"font-size: medium;\"><span style=\"color: #000000;\"><b>HubSpot Analytics<\/b><\/span><\/span><\/span><\/p><\/li><li><p><span style=\"font-family: Times New Roman, serif;\"><span style=\"font-size: medium;\"><span style=\"color: #000000;\"><b>Hotjar (si est\u00e1 activo)<\/b><\/span><\/span><\/span><\/p><\/li><\/ul><p><span style=\"font-family: Times New Roman, serif;\"><span style=\"font-size: medium;\"><span style=\"color: #000000;\">Datos medidos:<\/span><\/span><\/span><\/p><ul><li><p><span style=\"font-family: Times New Roman, serif;\"><span style=\"font-size: medium;\"><span style=\"color: #000000;\">P\u00e1ginas visitadas<\/span><\/span><\/span><\/p><\/li><li><p><span style=\"font-family: Times New Roman, serif;\"><span style=\"font-size: medium;\"><span style=\"color: #000000;\">Tiempo de navegaci\u00f3n<\/span><\/span><\/span><\/p><\/li><li><p><span style=\"font-family: Times New Roman, serif;\"><span style=\"font-size: medium;\"><span style=\"color: #000000;\">Origen del tr\u00e1fico<\/span><\/span><\/span><\/p><\/li><li><p><span style=\"font-family: Times New Roman, serif;\"><span style=\"font-size: medium;\"><span style=\"color: #000000;\">Interacci\u00f3n con botones y formularios<\/span><\/span><\/span><\/p><\/li><\/ul><p><span style=\"font-family: Times New Roman, serif;\"><span style=\"font-size: medium;\"><span style=\"color: #000000;\">La informaci\u00f3n recopilada es an\u00f3nima y se utiliza para mejorar el rendimiento del sitio.<\/span><\/span><\/span><\/p><h5 class=\"western\"><span style=\"color: #000000;\">4.3 Cookies publicitarias y de remarketing<\/span><\/h5><p><span style=\"font-family: Times New Roman, serif;\"><span style=\"font-size: medium;\"><span style=\"color: #000000;\">Tribu utiliza cookies y tecnolog\u00edas que permiten:<\/span><\/span><\/span><\/p><ul><li><p><span style=\"font-family: Times New Roman, serif;\"><span style=\"font-size: medium;\"><span style=\"color: #000000;\">Crear audiencias personalizadas<\/span><\/span><\/span><\/p><\/li><li><p><span style=\"font-family: Times New Roman, serif;\"><span style=\"font-size: medium;\"><span style=\"color: #000000;\">Realizar remarketing<\/span><\/span><\/span><\/p><\/li><li><p><span style=\"font-family: Times New Roman, serif;\"><span style=\"font-size: medium;\"><span style=\"color: #000000;\">Optimizar campa\u00f1as de Meta Ads y Google Ads<\/span><\/span><\/span><\/p><\/li><li><p><span style=\"font-family: Times New Roman, serif;\"><span style=\"font-size: medium;\"><span style=\"color: #000000;\">Medir conversiones y formularios enviados<\/span><\/span><\/span><\/p><\/li><\/ul><p><span style=\"font-family: Times New Roman, serif;\"><span style=\"font-size: medium;\"><span style=\"color: #000000;\">Incluyen:<\/span><\/span><\/span><\/p><ul><li><p><span style=\"font-family: Times New Roman, serif;\"><span style=\"font-size: medium;\"><span style=\"color: #000000;\"><b>Meta Pixel (Facebook\/Instagram)<\/b><\/span><\/span><\/span><\/p><\/li><li><p><span style=\"font-family: Times New Roman, serif;\"><span style=\"font-size: medium;\"><span style=\"color: #000000;\"><b>Google Ads Remarketing<\/b><\/span><\/span><\/span><\/p><\/li><li><p><span style=\"font-family: Times New Roman, serif;\"><span style=\"font-size: medium;\"><span style=\"color: #000000;\"><b>Google Signals (si est\u00e1 activo)<\/b><\/span><\/span><\/span><\/p><\/li><li><p><span style=\"font-family: Times New Roman, serif;\"><span style=\"font-size: medium;\"><span style=\"color: #000000;\"><b>Event Match de Meta (n\u00fameros encriptados para audiencias)<\/b><\/span><\/span><\/span><\/p><\/li><\/ul><p><span style=\"font-family: Times New Roman, serif;\"><span style=\"font-size: medium;\"><span style=\"color: #000000;\">El objetivo es mostrar anuncios m\u00e1s relevantes para los usuarios.<\/span><\/span><\/span><\/p><h4 class=\"western\"><span style=\"color: #000000;\">5. Finalidad del uso de cookies<\/span><\/h4><p><span style=\"font-family: Times New Roman, serif;\"><span style=\"font-size: medium;\"><span style=\"color: #000000;\">Tribu utiliza cookies para:<\/span><\/span><\/span><\/p><ol><li><p><span style=\"font-family: Times New Roman, serif;\"><span style=\"font-size: medium;\"><span style=\"color: #000000;\">Garantizar el funcionamiento del sitio<\/span><\/span><\/span><\/p><\/li><li><p><span style=\"font-family: Times New Roman, serif;\"><span style=\"font-size: medium;\"><span style=\"color: #000000;\">Facilitar el uso de formularios y paneles<\/span><\/span><\/span><\/p><\/li><li><p><span style=\"font-family: Times New Roman, serif;\"><span style=\"font-size: medium;\"><span style=\"color: #000000;\">Analizar patrones de navegaci\u00f3n<\/span><\/span><\/span><\/p><\/li><li><p><span style=\"font-family: Times New Roman, serif;\"><span style=\"font-size: medium;\"><span style=\"color: #000000;\">Medir el rendimiento de campa\u00f1as publicitarias<\/span><\/span><\/span><\/p><\/li><li><p><span style=\"font-family: Times New Roman, serif;\"><span style=\"font-size: medium;\"><span style=\"color: #000000;\">Personalizar el contenido<\/span><\/span><\/span><\/p><\/li><li><p><span style=\"font-family: Times New Roman, serif;\"><span style=\"font-size: medium;\"><span style=\"color: #000000;\">Crear audiencias para remarketing<\/span><\/span><\/span><\/p><\/li><li><p><span style=\"font-family: Times New Roman, serif;\"><span style=\"font-size: medium;\"><span style=\"color: #000000;\">Mejorar la efectividad del marketing digital<\/span><\/span><\/span><\/p><\/li><\/ol><h4 class=\"western\"><span style=\"color: #000000;\">6. \u00bfC\u00f3mo puede el usuario gestionar o desactivar las cookies?<\/span><\/h4><p><span style=\"font-family: Times New Roman, serif;\"><span style=\"font-size: medium;\"><span style=\"color: #000000;\">El usuario puede:<\/span><\/span><\/span><\/p><ul><li><p><span style=\"font-family: Times New Roman, serif;\"><span style=\"font-size: medium;\"><span style=\"color: #000000;\">Configurar su navegador para bloquear cookies<\/span><\/span><\/span><\/p><\/li><li><p><span style=\"font-family: Times New Roman, serif;\"><span style=\"font-size: medium;\"><span style=\"color: #000000;\">Eliminar cookies existentes<\/span><\/span><\/span><\/p><\/li><li><p><span style=\"font-family: Times New Roman, serif;\"><span style=\"font-size: medium;\"><span style=\"color: #000000;\">Limitar cookies de terceros<\/span><\/span><\/span><\/p><\/li><\/ul><p><span style=\"font-family: Times New Roman, serif;\"><span style=\"font-size: medium;\"><span style=\"color: #000000;\">Las opciones var\u00edan seg\u00fan el navegador:<\/span><\/span><\/span><\/p><ul><li><p><span style=\"font-family: Times New Roman, serif;\"><span style=\"font-size: medium;\"><span style=\"color: #000000;\">Google Chrome<\/span><\/span><\/span><\/p><\/li><li><p><span style=\"font-family: Times New Roman, serif;\"><span style=\"font-size: medium;\"><span style=\"color: #000000;\">Safari<\/span><\/span><\/span><\/p><\/li><li><p><span style=\"font-family: Times New Roman, serif;\"><span style=\"font-size: medium;\"><span style=\"color: #000000;\">Firefox<\/span><\/span><\/span><\/p><\/li><li><p><span style=\"font-family: Times New Roman, serif;\"><span style=\"font-size: medium;\"><span style=\"color: #000000;\">Microsoft Edge<\/span><\/span><\/span><\/p><\/li><\/ul><p><span style=\"font-family: Times New Roman, serif;\"><span style=\"font-size: medium;\"><span style=\"color: #000000;\">Desactivar ciertas cookies puede afectar el funcionamiento normal del sitio.<\/span><\/span><\/span><\/p><h4 class=\"western\"><span style=\"color: #000000;\">7. Cookies de terceros<\/span><\/h4><p><span style=\"font-family: Times New Roman, serif;\"><span style=\"font-size: medium;\"><span style=\"color: #000000;\">Algunos servicios utilizados por Tribu instalan cookies que no son gestionadas directamente por la empresa.<\/span><\/span><\/span><\/p><p><span style=\"font-family: Times New Roman, serif;\"><span style=\"font-size: medium;\"><span style=\"color: #000000;\">Estos terceros incluyen, entre otros:<\/span><\/span><\/span><\/p><ul><li><p><span style=\"font-family: Times New Roman, serif;\"><span style=\"font-size: medium;\"><span style=\"color: #000000;\">Google LLC<\/span><\/span><\/span><\/p><\/li><li><p><span style=\"font-family: Times New Roman, serif;\"><span style=\"font-size: medium;\"><span style=\"color: #000000;\">Meta Platforms, Inc.<\/span><\/span><\/span><\/p><\/li><li><p><span style=\"font-family: Times New Roman, serif;\"><span style=\"font-size: medium;\"><span style=\"color: #000000;\">HubSpot, Inc.<\/span><\/span><\/span><\/p><\/li><li><p><span style=\"font-family: Times New Roman, serif;\"><span style=\"font-size: medium;\"><span style=\"color: #000000;\">Hotjar Ltd.<\/span><\/span><\/span><\/p><\/li><li><p><span style=\"font-family: Times New Roman, serif;\"><span style=\"font-size: medium;\"><span style=\"color: #000000;\">Twilio Inc.<\/span><\/span><\/span><\/p><\/li><\/ul><p><span style=\"font-family: Times New Roman, serif;\"><span style=\"font-size: medium;\"><span style=\"color: #000000;\">Cada proveedor es responsable de sus propias pol\u00edticas de privacidad y manejo de datos.<\/span><\/span><\/span><\/p><h4 class=\"western\"><span style=\"color: #000000;\">8. Cambios en esta pol\u00edtica<\/span><\/h4><p><span style=\"font-family: Times New Roman, serif;\"><span style=\"font-size: medium;\"><span style=\"color: #000000;\">Tribu puede actualizar esta Pol\u00edtica de Cookies en cualquier momento para reflejar cambios en:<\/span><\/span><\/span><\/p><ul><li><p><span style=\"font-family: Times New Roman, serif;\"><span style=\"font-size: medium;\"><span style=\"color: #000000;\">Tecnolog\u00edas utilizadas<\/span><\/span><\/span><\/p><\/li><li><p><span style=\"font-family: Times New Roman, serif;\"><span style=\"font-size: medium;\"><span style=\"color: #000000;\">Requisitos legales<\/span><\/span><\/span><\/p><\/li><li><p><span style=\"font-family: Times New Roman, serif;\"><span style=\"font-size: medium;\"><span style=\"color: #000000;\">Configuraci\u00f3n del sitio<\/span><\/span><\/span><\/p><\/li><\/ul><p><span style=\"font-family: Times New Roman, serif;\"><span style=\"font-size: medium;\"><span style=\"color: #000000;\">La fecha de actualizaci\u00f3n aparecer\u00e1 en la parte superior del documento.<\/span><\/span><\/span><\/p><h4 class=\"western\"><span style=\"color: #000000;\">9. Contacto<\/span><\/h4><p><span style=\"font-family: Times New Roman, serif;\"><span style=\"font-size: medium;\"><span style=\"color: #000000;\">Para consultas sobre esta pol\u00edtica o sobre el uso de cookies en Tribu:<\/span><\/span><\/span><\/p><p><span style=\"font-family: Times New Roman, serif;\"><span style=\"font-size: medium;\"><span style=\"color: #000000;\">Utilizar los formularios oficiales del sitio o el sistema de tickets disponible para clientes registrados.<\/span><\/span><\/span><\/p>\t\t\t\t\t\t\t\t<\/div>\n\t\t\t\t\t<\/div>\n\t\t\t\t<\/div>\n\t\t\t\t<\/div>\n\t\t","protected":false},"excerpt":{"rendered":"<p>Pol\u00edticas de Cookies Inicio Pol\u00edticas de Cookies Tribu LLC (\u201cTribu\u201d, \u201cTribu Life\u201d, \u201cLa Tribu Life\u201d) \u00daltima actualizaci\u00f3n: Diciembre\/19\/2025 1. Introducci\u00f3n Esta Pol\u00edtica de Cookies describe c\u00f3mo Tribu LLC, en adelante \u201cTribu\u201d, \u201cTribu Life\u201d o \u201cLa Tribu Life\u201d, utiliza cookies y tecnolog\u00edas similares en el sitio web latribulife.com y sus subdominios. El objetivo es informar al [&hellip;]<\/p>\n","protected":false},"author":1,"featured_media":0,"parent":0,"menu_order":0,"comment_status":"closed","ping_status":"closed","template":"","meta":{"_acf_changed":false,"footnotes":""},"class_list":["post-3918","page","type-page","status-publish","hentry"],"acf":[],"_links":{"self":[{"href":"https:\/\/latribulife.com\/es\/wp-json\/wp\/v2\/pages\/3918","targetHints":{"allow":["GET"]}}],"collection":[{"href":"https:\/\/latribulife.com\/es\/wp-json\/wp\/v2\/pages"}],"about":[{"href":"https:\/\/latribulife.com\/es\/wp-json\/wp\/v2\/types\/page"}],"author":[{"embeddable":true,"href":"https:\/\/latribulife.com\/es\/wp-json\/wp\/v2\/users\/1"}],"replies":[{"embeddable":true,"href":"https:\/\/latribulife.com\/es\/wp-json\/wp\/v2\/comments?post=3918"}],"version-history":[{"count":14,"href":"https:\/\/latribulife.com\/es\/wp-json\/wp\/v2\/pages\/3918\/revisions"}],"predecessor-version":[{"id":4009,"href":"https:\/\/latribulife.com\/es\/wp-json\/wp\/v2\/pages\/3918\/revisions\/4009"}],"wp:attachment":[{"href":"https:\/\/latribulife.com\/es\/wp-json\/wp\/v2\/media?parent=3918"}],"curies":[{"name":"wp","href":"https:\/\/api.w.org\/{rel}","templated":true}]}}