{"id":3941,"date":"2025-12-22T20:47:14","date_gmt":"2025-12-22T20:47:14","guid":{"rendered":"https:\/\/latribulife.com\/?page_id=3941"},"modified":"2026-02-26T14:20:35","modified_gmt":"2026-02-26T14:20:35","slug":"politica-de-zonas-de-servicio-y-contacto-oficial","status":"publish","type":"page","link":"https:\/\/latribulife.com\/es\/politica-de-zonas-de-servicio-y-contacto-oficial\/","title":{"rendered":"POL\u00cdTICA DE ZONAS DE SERVICIO Y CONTACTO OFICIAL"},"content":{"rendered":"\t\t<div data-elementor-type=\"wp-page\" data-elementor-id=\"3941\" class=\"elementor elementor-3941\" data-elementor-post-type=\"page\">\n\t\t\t\t<div class=\"elementor-element elementor-element-6b2cb65 e-flex e-con-boxed e-con e-parent\" data-id=\"6b2cb65\" data-element_type=\"container\" data-e-type=\"container\" data-settings=\"{&quot;background_background&quot;:&quot;classic&quot;}\">\n\t\t\t\t\t<div class=\"e-con-inner\">\n\t\t<div class=\"elementor-element elementor-element-4e899e0 e-con-full e-flex e-con e-child\" data-id=\"4e899e0\" data-element_type=\"container\" data-e-type=\"container\">\n\t\t\t\t<div class=\"elementor-element elementor-element-3250775 elementor-widget elementor-widget-heading\" data-id=\"3250775\" data-element_type=\"widget\" data-e-type=\"widget\" data-widget_type=\"heading.default\">\n\t\t\t\t\t<h1 class=\"elementor-heading-title elementor-size-default\">Pol\u00edticas de Zona de Servicio<\/h1>\t\t\t\t<\/div>\n\t\t\t\t<div class=\"elementor-element elementor-element-99a827c elementor-icon-list--layout-inline elementor-list-item-link-full_width elementor-widget elementor-widget-icon-list\" data-id=\"99a827c\" data-element_type=\"widget\" data-e-type=\"widget\" data-widget_type=\"icon-list.default\">\n\t\t\t\t\t\t\t<ul class=\"elementor-icon-list-items elementor-inline-items\">\n\t\t\t\t\t\t\t<li class=\"elementor-icon-list-item elementor-inline-item\">\n\t\t\t\t\t\t\t\t\t\t\t<a href=\"#\">\n\n\t\t\t\t\t\t\t\t\t\t\t<span class=\"elementor-icon-list-text\">Inicio<\/span>\n\t\t\t\t\t\t\t\t\t\t\t<\/a>\n\t\t\t\t\t\t\t\t\t<\/li>\n\t\t\t\t\t\t\t\t<li class=\"elementor-icon-list-item elementor-inline-item\">\n\t\t\t\t\t\t\t\t\t\t\t<span class=\"elementor-icon-list-icon\">\n\t\t\t\t\t\t\t<svg aria-hidden=\"true\" class=\"e-font-icon-svg e-fas-chevron-right\" viewBox=\"0 0 320 512\" xmlns=\"http:\/\/www.w3.org\/2000\/svg\"><path d=\"M285.476 272.971L91.132 467.314c-9.373 9.373-24.569 9.373-33.941 0l-22.667-22.667c-9.357-9.357-9.375-24.522-.04-33.901L188.505 256 34.484 101.255c-9.335-9.379-9.317-24.544.04-33.901l22.667-22.667c9.373-9.373 24.569-9.373 33.941 0L285.475 239.03c9.373 9.372 9.373 24.568.001 33.941z\"><\/path><\/svg>\t\t\t\t\t\t<\/span>\n\t\t\t\t\t\t\t\t\t\t<span class=\"elementor-icon-list-text\">Pol\u00edticas de Zona de Servicio<\/span>\n\t\t\t\t\t\t\t\t\t<\/li>\n\t\t\t\t\t\t<\/ul>\n\t\t\t\t\t\t<\/div>\n\t\t\t\t<\/div>\n\t\t\t\t\t<\/div>\n\t\t\t\t<\/div>\n\t\t<div class=\"elementor-element elementor-element-a32fc4a e-flex e-con-boxed e-con e-parent\" data-id=\"a32fc4a\" data-element_type=\"container\" data-e-type=\"container\">\n\t\t\t\t\t<div class=\"e-con-inner\">\n\t\t\t\t<div class=\"elementor-element elementor-element-ab730b5 elementor-widget elementor-widget-text-editor\" data-id=\"ab730b5\" data-element_type=\"widget\" data-e-type=\"widget\" data-widget_type=\"text-editor.default\">\n\t\t\t\t\t\t\t\t\t<p><span style=\"font-family: Times New Roman, serif;\"><span style=\"font-size: medium;\"><span style=\"color: #000000;\"><b>Tribu LLC (\u201cTribu\u201d, \u201cTribu Life\u201d, \u201cLa Tribu Life\u201d)<\/b><\/span><\/span><\/span><\/p><p><span style=\"font-family: Times New Roman, serif;\"><span style=\"font-size: medium;\"><span style=\"color: #000000;\"><b>\u00daltima actualizaci\u00f3n: Diciembre\/19\/2025<\/b><\/span><\/span><\/span><\/p><h4 class=\"western\"><span style=\"color: #000000;\">1. Introducci\u00f3n<\/span><\/h4><p><span style=\"font-family: Times New Roman, serif;\"><span style=\"font-size: medium;\"><span style=\"color: #000000;\">La presente Pol\u00edtica establece las <\/span><span style=\"color: #000000;\"><b>zonas de servicio<\/b><\/span><span style=\"color: #000000;\">, los <\/span><span style=\"color: #000000;\"><b>canales oficiales de comunicaci\u00f3n<\/b><\/span><span style=\"color: #000000;\"> y las directrices para el uso del sistema de tickets ofrecido por <\/span><span style=\"color: #000000;\"><b>Tribu LLC<\/b><\/span><span style=\"color: #000000;\">, en adelante \u201c<\/span><span style=\"color: #000000;\"><b>Tribu<\/b><\/span><span style=\"color: #000000;\">\u201d, \u201c<\/span><span style=\"color: #000000;\"><b>Tribu Life<\/b><\/span><span style=\"color: #000000;\">\u201d o \u201c<\/span><span style=\"color: #000000;\"><b>La Tribu Life<\/b><\/span><span style=\"color: #000000;\">\u201d.<\/span><\/span><\/span><\/p><p><span style=\"font-family: Times New Roman, serif;\"><span style=\"font-size: medium;\"><span style=\"color: #000000;\">El uso de los servicios de contacto y la contrataci\u00f3n de proyectos a trav\u00e9s del sitio web <\/span><span style=\"color: #000000;\"><b>latribulife.com<\/b><\/span><span style=\"color: #000000;\"> implica la aceptaci\u00f3n de esta Pol\u00edtica.<\/span><\/span><\/span><\/p><h4 class=\"western\"><span style=\"color: #000000;\">2. Zonas de servicio<\/span><\/h4><h5 class=\"western\"><span style=\"color: #000000;\">2.1 \u00c1rea principal de operaci\u00f3n<\/span><\/h5><p><span style=\"font-family: Times New Roman, serif;\"><span style=\"font-size: medium;\"><span style=\"color: #000000;\">Tribu presta sus servicios de comercializaci\u00f3n, coordinaci\u00f3n y gesti\u00f3n de proyectos de remodelaci\u00f3n <\/span><span style=\"color: #000000;\"><b>exclusivamente dentro de Miami-Dade County<\/b><\/span><span style=\"color: #000000;\">, Florida.<\/span><\/span><\/span><\/p><p><span style=\"font-family: Times New Roman, serif;\"><span style=\"font-size: medium;\"><span style=\"color: #000000;\">Esto incluye, pero no se limita necesariamente a:<\/span><\/span><\/span><\/p><ul><li><p><span style=\"font-family: Times New Roman, serif;\"><span style=\"font-size: medium;\"><span style=\"color: #000000;\">Miami<\/span><\/span><\/span><\/p><\/li><li><p><span style=\"font-family: Times New Roman, serif;\"><span style=\"font-size: medium;\"><span style=\"color: #000000;\">Hialeah<\/span><\/span><\/span><\/p><\/li><li><p><span style=\"font-family: Times New Roman, serif;\"><span style=\"font-size: medium;\"><span style=\"color: #000000;\">Miami Gardens<\/span><\/span><\/span><\/p><\/li><li><p><span style=\"font-family: Times New Roman, serif;\"><span style=\"font-size: medium;\"><span style=\"color: #000000;\">Miami Beach<\/span><\/span><\/span><\/p><\/li><li><p><span style=\"font-family: Times New Roman, serif;\"><span style=\"font-size: medium;\"><span style=\"color: #000000;\">Homestead<\/span><\/span><\/span><\/p><\/li><li><p><span style=\"font-family: Times New Roman, serif;\"><span style=\"font-size: medium;\"><span style=\"color: #000000;\">Miami <\/span><\/span><\/span><\/p><\/li><li><p><span style=\"font-family: Times New Roman, serif;\"><span style=\"font-size: medium;\"><span style=\"color: #000000;\">Doral<\/span><\/span><\/span><\/p><\/li><li><p><span style=\"font-family: Times New Roman, serif;\"><span style=\"font-size: medium;\"><span style=\"color: #000000;\">North Miami<\/span><\/span><\/span><\/p><\/li><li><p><span style=\"font-family: Times New Roman, serif;\"><span style=\"font-size: medium;\"><span style=\"color: #000000;\">Coral Gables<\/span><\/span><\/span><\/p><\/li><li><p><span style=\"font-family: Times New Roman, serif;\"><span style=\"font-size: medium;\"><span style=\"color: #000000;\">Cutler Bay<\/span><\/span><\/span><\/p><\/li><li><p><span style=\"font-family: Times New Roman, serif;\"><span style=\"font-size: medium;\"><span style=\"color: #000000;\">North Miami Beach<\/span><\/span><\/span><\/p><\/li><li><p><span style=\"font-family: Times New Roman, serif;\"><span style=\"font-size: medium;\"><span style=\"color: #000000;\">Aventura<\/span><\/span><\/span><\/p><\/li><li><p><span style=\"font-family: Times New Roman, serif;\"><span style=\"font-size: medium;\"><span style=\"color: #000000;\">Miami Lakes<\/span><\/span><\/span><\/p><\/li><li><p><span style=\"font-family: Times New Roman, serif;\"><span style=\"font-size: medium;\"><span style=\"color: #000000;\">Palmetto Bay<\/span><\/span><\/span><\/p><\/li><li><p><span style=\"font-family: Times New Roman, serif;\"><span style=\"font-size: medium;\"><span style=\"color: #000000;\">Hialeah Gardens<\/span><\/span><\/span><\/p><\/li><li><p><span style=\"font-family: Times New Roman, serif;\"><span style=\"font-size: medium;\"><span style=\"color: #000000;\">Sweetwater<\/span><\/span><\/span><\/p><\/li><li><p><span style=\"font-family: Times New Roman, serif;\"><span style=\"font-size: medium;\"><span style=\"color: #000000;\">Pinecrest<\/span><\/span><\/span><\/p><\/li><li><p><span style=\"font-family: Times New Roman, serif;\"><span style=\"font-size: medium;\"><span style=\"color: #000000;\">Key Biscayne<\/span><\/span><\/span><\/p><\/li><li><p><span style=\"font-family: Times New Roman, serif;\"><span style=\"font-size: medium;\"><span style=\"color: #000000;\">Miami Springs<\/span><\/span><\/span><\/p><\/li><li><p><span style=\"font-family: Times New Roman, serif;\"><span style=\"font-size: medium;\"><span style=\"color: #000000;\">South Miami<\/span><\/span><\/span><\/p><\/li><li><p><span style=\"font-family: Times New Roman, serif;\"><span style=\"font-size: medium;\"><span style=\"color: #000000;\">Miami Shores<\/span><\/span><\/span><\/p><\/li><li><p><span style=\"font-family: Times New Roman, serif;\"><span style=\"font-size: medium;\"><span style=\"color: #000000;\">North Bay Village<\/span><\/span><\/span><\/p><\/li><li><p><span style=\"font-family: Times New Roman, serif;\"><span style=\"font-size: medium;\"><span style=\"color: #000000;\">West Miami<\/span><\/span><\/span><\/p><\/li><\/ul><p><span style=\"font-family: Times New Roman, serif;\"><span style=\"font-size: medium;\"><span style=\"color: #000000;\">Cualquier \u00e1rea dentro del condado puede ser atendida previa disponibilidad del ejecutor asignado.<\/span><\/span><\/span><\/p><h5 class=\"western\"><span style=\"color: #000000;\">2.2 Solicitudes fuera de Miami-Dade<\/span><\/h5><p><span style=\"font-family: Times New Roman, serif;\"><span style=\"font-size: medium;\"><span style=\"color: #000000;\">Tribu <\/span><span style=\"color: #000000;\"><b>no garantiza servicio fuera del condado de Miami-Dade<\/b><\/span><span style=\"color: #000000;\">.<\/span><\/span><\/span><\/p><p><span style=\"font-family: Times New Roman, serif;\"><span style=\"font-size: medium;\"><span style=\"color: #000000;\">En caso de recibir una solicitud proveniente de otra zona:<\/span><\/span><\/span><\/p><ul><li><p><span style=\"font-family: Times New Roman, serif;\"><span style=\"font-size: medium;\"><span style=\"color: #000000;\">El proyecto ser\u00e1 evaluado de manera individual<\/span><\/span><\/span><\/p><\/li><li><p><span style=\"font-family: Times New Roman, serif;\"><span style=\"font-size: medium;\"><span style=\"color: #000000;\">Puede requerir costos adicionales de desplazamiento o coordinaci\u00f3n<\/span><\/span><\/span><\/p><\/li><li><p><span style=\"font-family: Times New Roman, serif;\"><span style=\"font-size: medium;\"><span style=\"color: #000000;\">Tribu se reserva el derecho de declinar solicitudes fuera de su \u00e1rea principal<\/span><\/span><\/span><\/p><\/li><\/ul><h4 class=\"western\"><span style=\"color: #000000;\">3. Proyectos sujetos a evaluaci\u00f3n adicional<\/span><\/h4><p><span style=\"font-family: Times New Roman, serif;\"><span style=\"font-size: medium;\"><span style=\"color: #000000;\">Incluso dentro de Miami-Dade, ciertos proyectos pueden requerir an\u00e1lisis adicional antes de aceptar o asignar ejecutor, tales como:<\/span><\/span><\/span><\/p><ul><li><p><span style=\"font-family: Times New Roman, serif;\"><span style=\"font-size: medium;\"><span style=\"color: #000000;\">Propiedades con condiciones estructurales especiales<\/span><\/span><\/span><\/p><\/li><li><p><span style=\"font-family: Times New Roman, serif;\"><span style=\"font-size: medium;\"><span style=\"color: #000000;\">Remodelaciones que requieran permisos avanzados<\/span><\/span><\/span><\/p><\/li><li><p><span style=\"font-family: Times New Roman, serif;\"><span style=\"font-size: medium;\"><span style=\"color: #000000;\">Ubicaciones de acceso limitado<\/span><\/span><\/span><\/p><\/li><li><p><span style=\"font-family: Times New Roman, serif;\"><span style=\"font-size: medium;\"><span style=\"color: #000000;\">Proyectos de gran escala que excedan la disponibilidad operativa del momento<\/span><\/span><\/span><\/p><\/li><\/ul><h4 class=\"western\"><span style=\"color: #000000;\">4. Canales oficiales de contacto<\/span><\/h4><p><span style=\"font-family: Times New Roman, serif;\"><span style=\"font-size: medium;\"><span style=\"color: #000000;\">Tribu establece los siguientes canales oficiales para comunicaci\u00f3n con clientes, interesados y proveedores:<\/span><\/span><\/span><\/p><h5 class=\"western\"><span style=\"color: #000000;\">4.1 Sitio web oficial<\/span><\/h5><ul><li><p><span style=\"font-family: Times New Roman, serif;\"><span style=\"font-size: medium;\"><span style=\"color: #000000;\"><b>https:\/\/latribulife.com<\/b><\/span><\/span><\/span><\/p><\/li><\/ul><p><span style=\"font-family: Times New Roman, serif;\"><span style=\"font-size: medium;\"><span style=\"color: #000000;\">Todos los formularios del sitio se consideran canales v\u00e1lidos de contacto.<\/span><\/span><\/span><\/p><h5 class=\"western\"><span style=\"color: #000000;\">4.2 Sistema de tickets del panel del cliente<\/span><\/h5><p><span style=\"font-family: Times New Roman, serif;\"><span style=\"font-size: medium;\"><span style=\"color: #000000;\">Para clientes con proyectos activos, el <\/span><span style=\"color: #000000;\"><b>sistema de tickets<\/b><\/span><span style=\"color: #000000;\"> disponible dentro del panel del cliente es el <\/span><span style=\"color: #000000;\"><b>canal oficial<\/b><\/span><span style=\"color: #000000;\"> para:<\/span><\/span><\/span><\/p><ul><li><p><span style=\"font-family: Times New Roman, serif;\"><span style=\"font-size: medium;\"><span style=\"color: #000000;\">Solicitudes de soporte<\/span><\/span><\/span><\/p><\/li><li><p><span style=\"font-family: Times New Roman, serif;\"><span style=\"font-size: medium;\"><span style=\"color: #000000;\">Reportes de incidencias<\/span><\/span><\/span><\/p><\/li><li><p><span style=\"font-family: Times New Roman, serif;\"><span style=\"font-size: medium;\"><span style=\"color: #000000;\">Actualizaciones de proyecto<\/span><\/span><\/span><\/p><\/li><li><p><span style=\"font-family: Times New Roman, serif;\"><span style=\"font-size: medium;\"><span style=\"color: #000000;\">Consulta o seguimiento de garant\u00edas<\/span><\/span><\/span><\/p><\/li><\/ul><p><span style=\"font-family: Times New Roman, serif;\"><span style=\"font-size: medium;\"><span style=\"color: #000000;\">El usuario es responsable de revisar peri\u00f3dicamente su panel y mantener acceso seguro a sus credenciales.<\/span><\/span><\/span><\/p><h5 class=\"western\"><span style=\"color: #000000;\">4.3 Redes sociales y campa\u00f1as digitales<\/span><\/h5><p><span style=\"font-family: Times New Roman, serif;\"><span style=\"font-size: medium;\"><span style=\"color: #000000;\">Tribu puede recibir consultas a trav\u00e9s de:<\/span><\/span><\/span><\/p><ul><li><p><span style=\"font-family: Times New Roman, serif;\"><span style=\"font-size: medium;\"><span style=\"color: #000000;\">Facebook Ads<\/span><\/span><\/span><\/p><\/li><li><p><span style=\"font-family: Times New Roman, serif;\"><span style=\"font-size: medium;\"><span style=\"color: #000000;\">Instagram Ads<\/span><\/span><\/span><\/p><\/li><li><p><span style=\"font-family: Times New Roman, serif;\"><span style=\"font-size: medium;\"><span style=\"color: #000000;\">Formularios conectados a HubSpot<\/span><\/span><\/span><\/p><\/li><li><p><span style=\"font-family: Times New Roman, serif;\"><span style=\"font-size: medium;\"><span style=\"color: #000000;\">WhatsApp Business<\/span><\/span><\/span><\/p><\/li><\/ul><p><span style=\"font-family: Times New Roman, serif;\"><span style=\"font-size: medium;\"><span style=\"color: #000000;\"><b>Sin embargo, ninguna conversaci\u00f3n en redes sociales sustituye la comunicaci\u00f3n oficial<\/b><\/span><span style=\"color: #000000;\">.<\/span><\/span><\/span><\/p><p><span style=\"font-family: Times New Roman, serif;\"><span style=\"font-size: medium;\"><span style=\"color: #000000;\">El cierre de acuerdos y la documentaci\u00f3n formal se realiza solamente a trav\u00e9s de:<\/span><\/span><\/span><\/p><ul><li><p><span style=\"font-family: Times New Roman, serif;\"><span style=\"font-size: medium;\"><span style=\"color: #000000;\">Contratos digitales<\/span><\/span><\/span><\/p><\/li><li><p><span style=\"font-family: Times New Roman, serif;\"><span style=\"font-size: medium;\"><span style=\"color: #000000;\">Panel de cliente<\/span><\/span><\/span><\/p><\/li><li><p><span style=\"font-family: Times New Roman, serif;\"><span style=\"font-size: medium;\"><span style=\"color: #000000;\">Formularios oficiales<\/span><\/span><\/span><\/p><\/li><li><p><span style=\"font-family: Times New Roman, serif;\"><span style=\"font-size: medium;\"><span style=\"color: #000000;\">Sistema de tickets<\/span><\/span><\/span><\/p><\/li><\/ul><h5 class=\"western\"><span style=\"color: #000000;\">4.4 Canales que NO son oficiales<\/span><\/h5><p><span style=\"font-family: Times New Roman, serif;\"><span style=\"font-size: medium;\"><span style=\"color: #000000;\">Tribu no reconoce como comunicaci\u00f3n v\u00e1lida:<\/span><\/span><\/span><\/p><ul><li><p><span style=\"font-family: Times New Roman, serif;\"><span style=\"font-size: medium;\"><span style=\"color: #000000;\">Mensajes personales enviados a integrantes del equipo<\/span><\/span><\/span><\/p><\/li><li><p><span style=\"font-family: Times New Roman, serif;\"><span style=\"font-size: medium;\"><span style=\"color: #000000;\">Conversaciones por redes sociales no verificadas<\/span><\/span><\/span><\/p><\/li><li><p><span style=\"font-family: Times New Roman, serif;\"><span style=\"font-size: medium;\"><span style=\"color: #000000;\">Comunicaciones a trav\u00e9s de terceros no autorizados<\/span><\/span><\/span><\/p><\/li><\/ul><h4 class=\"western\"><span style=\"color: #000000;\">5. Direcci\u00f3n legal de Tribu<\/span><\/h4><p><span style=\"font-family: Times New Roman, serif;\"><span style=\"font-size: medium;\"><span style=\"color: #000000;\"><b>Tribu LLC<\/b><\/span><\/span><\/span><\/p><p><span style=\"font-family: Times New Roman, serif;\"><span style=\"font-size: medium;\"><span style=\"color: #000000;\"><b>10780 SW 56 St, Miami, FL 33165<\/b><\/span><\/span><\/span><\/p><p><span style=\"font-family: Times New Roman, serif;\"><span style=\"font-size: medium;\"><span style=\"color: #000000;\">Esta direcci\u00f3n corresponde a la sede administrativa registrada.<\/span><\/span><\/span><\/p><h4 class=\"western\"><span style=\"color: #000000;\">6. Horarios de contacto<\/span><\/h4><p><span style=\"font-family: Times New Roman, serif;\"><span style=\"font-size: medium;\"><span style=\"color: #000000;\">Los tiempos de respuesta pueden variar seg\u00fan la demanda, pero Tribu realiza esfuerzos razonables para atender solicitudes dentro de horarios comerciales est\u00e1ndar:<\/span><\/span><\/span><\/p><ul><li><p><span style=\"font-family: Times New Roman, serif;\"><span style=\"font-size: medium;\"><span style=\"color: #000000;\"><b>Lunes a viernes<\/b><\/span><\/span><\/span><\/p><\/li><li><p><span style=\"font-family: Times New Roman, serif;\"><span style=\"font-size: medium;\"><span style=\"color: #000000;\"><b>9:00 a.m. \u2013 6:00 p.m.<\/b><\/span><\/span><\/span><\/p><\/li><li><p><span style=\"font-family: Times New Roman, serif;\"><span style=\"font-size: medium;\"><span style=\"color: #000000;\">Excluyendo d\u00edas festivos o emergencias operativas<\/span><\/span><\/span><\/p><\/li><\/ul><h4 class=\"western\"><span style=\"color: #000000;\">7. Actualizaciones de esta pol\u00edtica<\/span><\/h4><p><span style=\"font-family: Times New Roman, serif;\"><span style=\"font-size: medium;\"><span style=\"color: #000000;\">Tribu puede modificar esta Pol\u00edtica cuando sea necesario.<\/span><\/span><\/span><\/p><p><span style=\"font-family: Times New Roman, serif;\"><span style=\"font-size: medium;\"><span style=\"color: #000000;\">Los cambios entrar\u00e1n en vigencia al momento de publicarse en esta p\u00e1gina.<\/span><\/span><\/span><\/p><h4 class=\"western\"><span style=\"color: #000000;\">8. Aceptaci\u00f3n<\/span><\/h4><p><span style=\"font-family: Times New Roman, serif;\"><span style=\"font-size: medium;\"><span style=\"color: #000000;\">El uso de los canales de contacto y el env\u00edo de informaci\u00f3n a trav\u00e9s de la web implica aceptaci\u00f3n plena de esta Pol\u00edtica.<\/span><\/span><\/span><\/p>\t\t\t\t\t\t\t\t<\/div>\n\t\t\t\t\t<\/div>\n\t\t\t\t<\/div>\n\t\t\t\t<\/div>\n\t\t","protected":false},"excerpt":{"rendered":"<p>Pol\u00edticas de Zona de Servicio Inicio Pol\u00edticas de Zona de Servicio Tribu LLC (\u201cTribu\u201d, \u201cTribu Life\u201d, \u201cLa Tribu Life\u201d) \u00daltima actualizaci\u00f3n: Diciembre\/19\/2025 1. Introducci\u00f3n La presente Pol\u00edtica establece las zonas de servicio, los canales oficiales de comunicaci\u00f3n y las directrices para el uso del sistema de tickets ofrecido por Tribu LLC, en adelante \u201cTribu\u201d, \u201cTribu [&hellip;]<\/p>\n","protected":false},"author":1,"featured_media":0,"parent":0,"menu_order":0,"comment_status":"closed","ping_status":"closed","template":"","meta":{"_acf_changed":false,"footnotes":""},"class_list":["post-3941","page","type-page","status-publish","hentry"],"acf":[],"_links":{"self":[{"href":"https:\/\/latribulife.com\/es\/wp-json\/wp\/v2\/pages\/3941","targetHints":{"allow":["GET"]}}],"collection":[{"href":"https:\/\/latribulife.com\/es\/wp-json\/wp\/v2\/pages"}],"about":[{"href":"https:\/\/latribulife.com\/es\/wp-json\/wp\/v2\/types\/page"}],"author":[{"embeddable":true,"href":"https:\/\/latribulife.com\/es\/wp-json\/wp\/v2\/users\/1"}],"replies":[{"embeddable":true,"href":"https:\/\/latribulife.com\/es\/wp-json\/wp\/v2\/comments?post=3941"}],"version-history":[{"count":10,"href":"https:\/\/latribulife.com\/es\/wp-json\/wp\/v2\/pages\/3941\/revisions"}],"predecessor-version":[{"id":4000,"href":"https:\/\/latribulife.com\/es\/wp-json\/wp\/v2\/pages\/3941\/revisions\/4000"}],"wp:attachment":[{"href":"https:\/\/latribulife.com\/es\/wp-json\/wp\/v2\/media?parent=3941"}],"curies":[{"name":"wp","href":"https:\/\/api.w.org\/{rel}","templated":true}]}}